{"id":11,"date":"2026-04-14T07:59:58","date_gmt":"2026-04-14T07:59:58","guid":{"rendered":"https:\/\/talleresyousef.rkinformatika.online\/?page_id=11"},"modified":"2026-04-14T10:34:05","modified_gmt":"2026-04-14T10:34:05","slug":"inicio","status":"publish","type":"page","link":"https:\/\/talleresyousef.com\/eu\/","title":{"rendered":"Hasiera"},"content":{"rendered":"<div data-elementor-type=\"wp-page\" data-elementor-id=\"11\" class=\"elementor elementor-11\" data-elementor-post-type=\"page\">\n\t\t\t\t<div class=\"elementor-element elementor-element-65dc262 e-flex e-con-boxed e-con e-parent\" data-id=\"65dc262\" data-element_type=\"container\" data-e-type=\"container\" data-settings=\"{&quot;background_background&quot;:&quot;classic&quot;}\">\n\t\t\t\t\t<div class=\"e-con-inner\">\n\t\t\t\t<div class=\"elementor-element elementor-element-bf13ee4 elementor-invisible elementor-widget elementor-widget-heading\" data-id=\"bf13ee4\" data-element_type=\"widget\" data-e-type=\"widget\" data-settings=\"{&quot;_animation&quot;:&quot;fadeInDown&quot;}\" data-widget_type=\"heading.default\">\n\t\t\t\t\t<h2 class=\"elementor-heading-title elementor-size-default\">Yousef tailerrak<\/h2>\t\t\t\t<\/div>\n\t\t\t\t<div class=\"elementor-element elementor-element-70f0fad elementor-headline--style-highlight elementor-widget elementor-widget-animated-headline\" data-id=\"70f0fad\" data-element_type=\"widget\" data-e-type=\"widget\" data-settings=\"{&quot;marker&quot;:&quot;underline&quot;,&quot;highlighted_text&quot;:&quot;Revisiones, embragues y todo tipo de mantenimiento automotriz.&quot;,&quot;headline_style&quot;:&quot;highlight&quot;,&quot;loop&quot;:&quot;yes&quot;,&quot;highlight_animation_duration&quot;:1200,&quot;highlight_iteration_delay&quot;:8000}\" data-widget_type=\"animated-headline.default\">\n\t\t\t\t\t\t\t<h3 class=\"elementor-headline\">\n\t\t\t\t<span class=\"elementor-headline-dynamic-wrapper elementor-headline-text-wrapper\">\n\t\t\t\t\t<span class=\"elementor-headline-dynamic-text elementor-headline-text-active\">Errebisioak, enbrageak eta mantentze automotriza mota guztiak.<\/span>\n\t\t\t\t<\/span>\n\t\t\t\t<\/h3>\n\t\t\t\t\t\t<\/div>\n\t\t\t\t\t<\/div>\n\t\t\t\t<\/div>\n\t\t<div class=\"elementor-element elementor-element-105a9db e-flex e-con-boxed e-con e-parent\" data-id=\"105a9db\" data-element_type=\"container\" data-e-type=\"container\" data-settings=\"{&quot;background_background&quot;:&quot;classic&quot;}\">\n\t\t\t\t\t<div class=\"e-con-inner\">\n\t\t\t\t<div class=\"elementor-element elementor-element-ae68930 elementor-widget elementor-widget-heading\" data-id=\"ae68930\" data-element_type=\"widget\" data-e-type=\"widget\" data-widget_type=\"heading.default\">\n\t\t\t\t\t<h2 class=\"elementor-heading-title elementor-size-default\">Nor Gara <\/h2>\t\t\t\t<\/div>\n\t\t\t\t\t<\/div>\n\t\t\t\t<\/div>\n\t\t<div class=\"elementor-element elementor-element-0c61c47 e-flex e-con-boxed e-con e-parent\" data-id=\"0c61c47\" data-element_type=\"container\" data-e-type=\"container\">\n\t\t\t\t\t<div class=\"e-con-inner\">\n\t\t<div class=\"elementor-element elementor-element-3bf5880 e-con-full e-flex e-con e-child\" data-id=\"3bf5880\" data-element_type=\"container\" data-e-type=\"container\">\n\t\t\t\t<div class=\"elementor-element elementor-element-a4be7c5 elementor-widget elementor-widget-text-editor\" data-id=\"a4be7c5\" data-element_type=\"widget\" data-e-type=\"widget\" data-widget_type=\"text-editor.default\">\n\t\t\t\t\t\t\t\t\t<p data-start=\"34\" data-end=\"342\">Yousef Tailerretan misio argi batekin lan egiten dugu: zerbitzu zintzoa, hurbila eta kalitatezkoa eskaintzea automobilaren zaintzan. Sestaon hasi ginenetik, konfiantzan, konpromisoan eta arreta pertsonalizatuan oinarritutako ospea eraiki dugu, eta ibilgailu bakoitza berea balitz bezala tratatu dugu.<\/p><p data-start=\"344\" data-end=\"678\">Mota guztietako konponketetan eta mantentze lanetan esperientzia dugu, hala nola berrikuspen osoak, enbrageak, uhalak, olio aldaketak, bateriak eta gehiago. Kalitatezko materialak erabiltzen ditugu eta tratu gardenaren aldeko apustua egiten dugu, betiere gure bezeroen segurtasuna eta lasaitasuna bermatzeko errepidean.<\/p>\t\t\t\t\t\t\t\t<\/div>\n\t\t\t\t<\/div>\n\t\t<div class=\"elementor-element elementor-element-a9a2236 e-con-full e-flex e-con e-child\" data-id=\"a9a2236\" data-element_type=\"container\" data-e-type=\"container\" data-settings=\"{&quot;background_background&quot;:&quot;classic&quot;}\">\n\t\t\t\t<div class=\"elementor-element elementor-element-ddde393 elementor-widget elementor-widget-image\" data-id=\"ddde393\" data-element_type=\"widget\" data-e-type=\"widget\" data-widget_type=\"image.default\">\n\t\t\t\t\t\t\t\t\t\t\t\t\t\t\t<img fetchpriority=\"high\" decoding=\"async\" width=\"699\" height=\"536\" src=\"https:\/\/talleresyousef.com\/wp-content\/uploads\/2026\/04\/Captura-desde-2026-04-14-09-43-29-e1776157120297.png\" class=\"attachment-large size-large wp-image-40\" alt=\"\" srcset=\"https:\/\/talleresyousef.com\/wp-content\/uploads\/2026\/04\/Captura-desde-2026-04-14-09-43-29-e1776157120297.png 699w, https:\/\/talleresyousef.com\/wp-content\/uploads\/2026\/04\/Captura-desde-2026-04-14-09-43-29-e1776157120297-300x230.png 300w, https:\/\/talleresyousef.com\/wp-content\/uploads\/2026\/04\/Captura-desde-2026-04-14-09-43-29-e1776157120297-16x12.png 16w\" sizes=\"(max-width: 699px) 100vw, 699px\" \/>\t\t\t\t\t\t\t\t\t\t\t\t\t\t\t<\/div>\n\t\t\t\t<\/div>\n\t\t\t\t\t<\/div>\n\t\t\t\t<\/div>\n\t\t<div class=\"elementor-element elementor-element-437d8d1 e-flex e-con-boxed e-con e-parent\" data-id=\"437d8d1\" data-element_type=\"container\" data-e-type=\"container\" data-settings=\"{&quot;background_background&quot;:&quot;classic&quot;}\">\n\t\t\t\t\t<div class=\"e-con-inner\">\n\t\t<div class=\"elementor-element elementor-element-125fae7 e-con-full e-flex e-con e-child\" data-id=\"125fae7\" data-element_type=\"container\" data-e-type=\"container\">\n\t\t\t\t<div class=\"elementor-element elementor-element-1884366 elementor-widget elementor-widget-heading\" data-id=\"1884366\" data-element_type=\"widget\" data-e-type=\"widget\" data-widget_type=\"heading.default\">\n\t\t\t\t\t<h2 class=\"elementor-heading-title elementor-size-default\">Ezagutu zure ibilgailuaren alde egin dezakegun guztia.<\/h2>\t\t\t\t<\/div>\n\t\t\t\t<div class=\"elementor-element elementor-element-d8881d9 elementor-widget elementor-widget-button\" data-id=\"d8881d9\" data-element_type=\"widget\" data-e-type=\"widget\" data-widget_type=\"button.default\">\n\t\t\t\t\t\t\t\t\t\t<a class=\"elementor-button elementor-button-link elementor-size-sm\" href=\"\/eu\/servicios\/\">\n\t\t\t\t\t\t<span class=\"elementor-button-content-wrapper\">\n\t\t\t\t\t\t\t\t\t<span class=\"elementor-button-text\">Zerbitzuak<\/span>\n\t\t\t\t\t<\/span>\n\t\t\t\t\t<\/a>\n\t\t\t\t\t\t\t\t<\/div>\n\t\t\t\t<\/div>\n\t\t\t\t\t<\/div>\n\t\t\t\t<\/div>\n\t\t\t\t<\/div>","protected":false},"excerpt":{"rendered":"<p>Talleres Yousef Revisiones, embragues y todo tipo de mantenimiento automotriz. Qui\u00e9nes Somos En Talleres Yousef trabajamos con una misi\u00f3n clara: ofrecer un servicio honesto, cercano y de calidad en el cuidado del autom\u00f3vil. Desde nuestros inicios en Sestao, hemos construido una reputaci\u00f3n basada en la confianza, el compromiso y la atenci\u00f3n personalizada, tratando cada veh\u00edculo [&hellip;]<\/p>\n","protected":false},"author":1,"featured_media":0,"parent":0,"menu_order":0,"comment_status":"closed","ping_status":"closed","template":"elementor_canvas","meta":{"footnotes":""},"class_list":["post-11","page","type-page","status-publish","hentry"],"yoast_head":"<!-- This site is optimized with the Yoast SEO plugin v27.4 - https:\/\/yoast.com\/product\/yoast-seo-wordpress\/ -->\n<title>Inicio - Talleres Yousef<\/title>\n<meta name=\"robots\" content=\"index, follow, max-snippet:-1, max-image-preview:large, max-video-preview:-1\" \/>\n<link rel=\"canonical\" href=\"https:\/\/talleresyousef.com\/eu\/\" \/>\n<meta property=\"og:locale\" content=\"en_US\" \/>\n<meta property=\"og:type\" content=\"article\" \/>\n<meta property=\"og:title\" content=\"Inicio - Talleres Yousef\" \/>\n<meta property=\"og:description\" content=\"Talleres Yousef Revisiones, embragues y todo tipo de mantenimiento automotriz. Qui\u00e9nes Somos En Talleres Yousef trabajamos con una misi\u00f3n clara: ofrecer un servicio honesto, cercano y de calidad en el cuidado del autom\u00f3vil. Desde nuestros inicios en Sestao, hemos construido una reputaci\u00f3n basada en la confianza, el compromiso y la atenci\u00f3n personalizada, tratando cada veh\u00edculo [&hellip;]\" \/>\n<meta property=\"og:url\" content=\"https:\/\/talleresyousef.com\/eu\/\" \/>\n<meta property=\"og:site_name\" content=\"Talleres Yousef\" \/>\n<meta property=\"article:modified_time\" content=\"2026-04-14T10:34:05+00:00\" \/>\n<meta property=\"og:image\" content=\"https:\/\/talleresyousef.com\/wp-content\/uploads\/2026\/04\/Captura-desde-2026-04-14-09-43-29-e1776157120297.png\" \/>\n<meta name=\"twitter:card\" content=\"summary_large_image\" \/>\n<meta name=\"twitter:label1\" content=\"Est. reading time\" \/>\n\t<meta name=\"twitter:data1\" content=\"1 minutua\" \/>\n<script type=\"application\/ld+json\" class=\"yoast-schema-graph\">{\"@context\":\"https:\\\/\\\/schema.org\",\"@graph\":[{\"@type\":\"WebPage\",\"@id\":\"https:\\\/\\\/talleresyousef.com\\\/\",\"url\":\"https:\\\/\\\/talleresyousef.com\\\/\",\"name\":\"Inicio - Talleres Yousef\",\"isPartOf\":{\"@id\":\"https:\\\/\\\/talleresyousef.com\\\/#website\"},\"primaryImageOfPage\":{\"@id\":\"https:\\\/\\\/talleresyousef.com\\\/#primaryimage\"},\"image\":{\"@id\":\"https:\\\/\\\/talleresyousef.com\\\/#primaryimage\"},\"thumbnailUrl\":\"https:\\\/\\\/talleresyousef.com\\\/wp-content\\\/uploads\\\/2026\\\/04\\\/Captura-desde-2026-04-14-09-43-29-e1776157120297.png\",\"datePublished\":\"2026-04-14T07:59:58+00:00\",\"dateModified\":\"2026-04-14T10:34:05+00:00\",\"breadcrumb\":{\"@id\":\"https:\\\/\\\/talleresyousef.com\\\/#breadcrumb\"},\"inLanguage\":\"eu\",\"potentialAction\":[{\"@type\":\"ReadAction\",\"target\":[\"https:\\\/\\\/talleresyousef.com\\\/\"]}]},{\"@type\":\"ImageObject\",\"inLanguage\":\"eu\",\"@id\":\"https:\\\/\\\/talleresyousef.com\\\/#primaryimage\",\"url\":\"https:\\\/\\\/talleresyousef.com\\\/wp-content\\\/uploads\\\/2026\\\/04\\\/Captura-desde-2026-04-14-09-43-29-e1776157120297.png\",\"contentUrl\":\"https:\\\/\\\/talleresyousef.com\\\/wp-content\\\/uploads\\\/2026\\\/04\\\/Captura-desde-2026-04-14-09-43-29-e1776157120297.png\"},{\"@type\":\"BreadcrumbList\",\"@id\":\"https:\\\/\\\/talleresyousef.com\\\/#breadcrumb\",\"itemListElement\":[{\"@type\":\"ListItem\",\"position\":1,\"name\":\"Portada\",\"item\":\"https:\\\/\\\/talleresyousef.com\\\/\"},{\"@type\":\"ListItem\",\"position\":2,\"name\":\"Inicio\"}]},{\"@type\":\"WebSite\",\"@id\":\"https:\\\/\\\/talleresyousef.com\\\/#website\",\"url\":\"https:\\\/\\\/talleresyousef.com\\\/\",\"name\":\"Talleres Yousef\",\"description\":\"\",\"publisher\":{\"@id\":\"https:\\\/\\\/talleresyousef.com\\\/#organization\"},\"potentialAction\":[{\"@type\":\"SearchAction\",\"target\":{\"@type\":\"EntryPoint\",\"urlTemplate\":\"https:\\\/\\\/talleresyousef.com\\\/?s={search_term_string}\"},\"query-input\":{\"@type\":\"PropertyValueSpecification\",\"valueRequired\":true,\"valueName\":\"search_term_string\"}}],\"inLanguage\":\"eu\"},{\"@type\":\"Organization\",\"@id\":\"https:\\\/\\\/talleresyousef.com\\\/#organization\",\"name\":\"Talleres Yousef\",\"url\":\"https:\\\/\\\/talleresyousef.com\\\/\",\"logo\":{\"@type\":\"ImageObject\",\"inLanguage\":\"eu\",\"@id\":\"https:\\\/\\\/talleresyousef.com\\\/#\\\/schema\\\/logo\\\/image\\\/\",\"url\":\"https:\\\/\\\/talleresyousef.com\\\/wp-content\\\/uploads\\\/2026\\\/04\\\/talleresyousef202601_logoarriba.jpg\",\"contentUrl\":\"https:\\\/\\\/talleresyousef.com\\\/wp-content\\\/uploads\\\/2026\\\/04\\\/talleresyousef202601_logoarriba.jpg\",\"width\":550,\"height\":78,\"caption\":\"Talleres Yousef\"},\"image\":{\"@id\":\"https:\\\/\\\/talleresyousef.com\\\/#\\\/schema\\\/logo\\\/image\\\/\"}}]}<\/script>\n<!-- \/ Yoast SEO plugin. -->","yoast_head_json":{"title":"Inicio - Talleres Yousef","robots":{"index":"index","follow":"follow","max-snippet":"max-snippet:-1","max-image-preview":"max-image-preview:large","max-video-preview":"max-video-preview:-1"},"canonical":"https:\/\/talleresyousef.com\/eu\/","og_locale":"en_US","og_type":"article","og_title":"Inicio - Talleres Yousef","og_description":"Talleres Yousef Revisiones, embragues y todo tipo de mantenimiento automotriz. Qui\u00e9nes Somos En Talleres Yousef trabajamos con una misi\u00f3n clara: ofrecer un servicio honesto, cercano y de calidad en el cuidado del autom\u00f3vil. Desde nuestros inicios en Sestao, hemos construido una reputaci\u00f3n basada en la confianza, el compromiso y la atenci\u00f3n personalizada, tratando cada veh\u00edculo [&hellip;]","og_url":"https:\/\/talleresyousef.com\/eu\/","og_site_name":"Talleres Yousef","article_modified_time":"2026-04-14T10:34:05+00:00","og_image":[{"url":"https:\/\/talleresyousef.com\/wp-content\/uploads\/2026\/04\/Captura-desde-2026-04-14-09-43-29-e1776157120297.png","type":"","width":"","height":""}],"twitter_card":"summary_large_image","twitter_misc":{"Est. reading time":"1 minutua"},"schema":{"@context":"https:\/\/schema.org","@graph":[{"@type":"WebPage","@id":"https:\/\/talleresyousef.com\/","url":"https:\/\/talleresyousef.com\/","name":"Inicio - Talleres Yousef","isPartOf":{"@id":"https:\/\/talleresyousef.com\/#website"},"primaryImageOfPage":{"@id":"https:\/\/talleresyousef.com\/#primaryimage"},"image":{"@id":"https:\/\/talleresyousef.com\/#primaryimage"},"thumbnailUrl":"https:\/\/talleresyousef.com\/wp-content\/uploads\/2026\/04\/Captura-desde-2026-04-14-09-43-29-e1776157120297.png","datePublished":"2026-04-14T07:59:58+00:00","dateModified":"2026-04-14T10:34:05+00:00","breadcrumb":{"@id":"https:\/\/talleresyousef.com\/#breadcrumb"},"inLanguage":"eu","potentialAction":[{"@type":"ReadAction","target":["https:\/\/talleresyousef.com\/"]}]},{"@type":"ImageObject","inLanguage":"eu","@id":"https:\/\/talleresyousef.com\/#primaryimage","url":"https:\/\/talleresyousef.com\/wp-content\/uploads\/2026\/04\/Captura-desde-2026-04-14-09-43-29-e1776157120297.png","contentUrl":"https:\/\/talleresyousef.com\/wp-content\/uploads\/2026\/04\/Captura-desde-2026-04-14-09-43-29-e1776157120297.png"},{"@type":"BreadcrumbList","@id":"https:\/\/talleresyousef.com\/#breadcrumb","itemListElement":[{"@type":"ListItem","position":1,"name":"Portada","item":"https:\/\/talleresyousef.com\/"},{"@type":"ListItem","position":2,"name":"Inicio"}]},{"@type":"WebSite","@id":"https:\/\/talleresyousef.com\/#website","url":"https:\/\/talleresyousef.com\/","name":"Yousef tailerrak","description":"","publisher":{"@id":"https:\/\/talleresyousef.com\/#organization"},"potentialAction":[{"@type":"SearchAction","target":{"@type":"EntryPoint","urlTemplate":"https:\/\/talleresyousef.com\/?s={search_term_string}"},"query-input":{"@type":"PropertyValueSpecification","valueRequired":true,"valueName":"search_term_string"}}],"inLanguage":"eu"},{"@type":"Organization","@id":"https:\/\/talleresyousef.com\/#organization","name":"Yousef tailerrak","url":"https:\/\/talleresyousef.com\/","logo":{"@type":"ImageObject","inLanguage":"eu","@id":"https:\/\/talleresyousef.com\/#\/schema\/logo\/image\/","url":"https:\/\/talleresyousef.com\/wp-content\/uploads\/2026\/04\/talleresyousef202601_logoarriba.jpg","contentUrl":"https:\/\/talleresyousef.com\/wp-content\/uploads\/2026\/04\/talleresyousef202601_logoarriba.jpg","width":550,"height":78,"caption":"Talleres Yousef"},"image":{"@id":"https:\/\/talleresyousef.com\/#\/schema\/logo\/image\/"}}]}},"_links":{"self":[{"href":"https:\/\/talleresyousef.com\/eu\/wp-json\/wp\/v2\/pages\/11","targetHints":{"allow":["GET"]}}],"collection":[{"href":"https:\/\/talleresyousef.com\/eu\/wp-json\/wp\/v2\/pages"}],"about":[{"href":"https:\/\/talleresyousef.com\/eu\/wp-json\/wp\/v2\/types\/page"}],"author":[{"embeddable":true,"href":"https:\/\/talleresyousef.com\/eu\/wp-json\/wp\/v2\/users\/1"}],"replies":[{"embeddable":true,"href":"https:\/\/talleresyousef.com\/eu\/wp-json\/wp\/v2\/comments?post=11"}],"version-history":[{"count":91,"href":"https:\/\/talleresyousef.com\/eu\/wp-json\/wp\/v2\/pages\/11\/revisions"}],"predecessor-version":[{"id":291,"href":"https:\/\/talleresyousef.com\/eu\/wp-json\/wp\/v2\/pages\/11\/revisions\/291"}],"wp:attachment":[{"href":"https:\/\/talleresyousef.com\/eu\/wp-json\/wp\/v2\/media?parent=11"}],"curies":[{"name":"wp","href":"https:\/\/api.w.org\/{rel}","templated":true}]}}